{"id":6836,"date":"2019-08-23T10:11:51","date_gmt":"2019-08-23T10:11:51","guid":{"rendered":"http:\/\/www.bbsa-potsdam.de\/?page_id=6836"},"modified":"2020-01-10T13:36:31","modified_gmt":"2020-01-10T13:36:31","slug":"fragebogenkatalog-hilfe","status":"publish","type":"page","link":"https:\/\/www.bbsa-potsdam.de\/?page_id=6836","title":{"rendered":"Fragebogenkatalog &#8211; Hilfe"},"content":{"rendered":"\n<p class=\"has-text-align-left\">Auf dieser Seite sind alle vorhandenen Frageb\u00f6gen (Nr. 1 bis Nr. 22) in digitaler Form dargestellt inklusive aktuellen kommunalen und postalischen Informationen. Per Klick auf das Kreuz gelangt man dazu sowie zu allen Frageb\u00f6gen im PDF-Format im Feld &#8222;Fragebogen ansehen:&#8220;.<br><\/p>\n\n\n\n<div class=\"wp-block-image\"><figure class=\"alignleft\"><img loading=\"lazy\" decoding=\"async\" width=\"1024\" height=\"444\" src=\"http:\/\/www.bbsa-potsdam.de\/wp-content\/uploads\/2019\/08\/FB_Katalog_allgemein1-1024x444.png\" alt=\"\" class=\"wp-image-6821\" srcset=\"https:\/\/www.bbsa-potsdam.de\/wp-content\/uploads\/2019\/08\/FB_Katalog_allgemein1-1024x444.png 1024w, https:\/\/www.bbsa-potsdam.de\/wp-content\/uploads\/2019\/08\/FB_Katalog_allgemein1-300x130.png 300w, https:\/\/www.bbsa-potsdam.de\/wp-content\/uploads\/2019\/08\/FB_Katalog_allgemein1-768x333.png 768w, https:\/\/www.bbsa-potsdam.de\/wp-content\/uploads\/2019\/08\/FB_Katalog_allgemein1.png 1151w\" sizes=\"auto, (max-width: 1024px) 100vw, 1024px\" \/><\/figure><\/div>\n\n\n\n<figure class=\"wp-block-image\"><img loading=\"lazy\" decoding=\"async\" width=\"1024\" height=\"650\" src=\"http:\/\/www.bbsa-potsdam.de\/wp-content\/uploads\/2019\/08\/FB-Katalog-allgemein3-1-1024x650.png\" alt=\"\" class=\"wp-image-6843\" srcset=\"https:\/\/www.bbsa-potsdam.de\/wp-content\/uploads\/2019\/08\/FB-Katalog-allgemein3-1-1024x650.png 1024w, https:\/\/www.bbsa-potsdam.de\/wp-content\/uploads\/2019\/08\/FB-Katalog-allgemein3-1-300x190.png 300w, https:\/\/www.bbsa-potsdam.de\/wp-content\/uploads\/2019\/08\/FB-Katalog-allgemein3-1-768x488.png 768w, https:\/\/www.bbsa-potsdam.de\/wp-content\/uploads\/2019\/08\/FB-Katalog-allgemein3-1.png 1126w\" sizes=\"auto, (max-width: 1024px) 100vw, 1024px\" \/><\/figure>\n\n\n\n<p>Dar\u00fcber hinaus kann man per Dropdown die Optionen im Suchfeld benutzen, um die verschiedenen Informationen zu filtern. Bei der Suche nach einer Fragebogennummer ist es wichtig, diese im Suchfeld in Anf\u00fchrungszeichen anzugeben, um sicher zu stellen, dass exakt diese Nummer gesucht wird. Zum Beispiel w\u00fcrde die Suche nach Frageb\u00f6gen mit der Nummer 1 folgenderma\u00dfen aussehen:<\/p>\n\n\n\n<figure class=\"wp-block-image\"><img loading=\"lazy\" decoding=\"async\" width=\"1024\" height=\"529\" src=\"http:\/\/www.bbsa-potsdam.de\/wp-content\/uploads\/2019\/08\/FB-Katalog-Beispielsuche-1024x529.png\" alt=\"\" class=\"wp-image-6817\" srcset=\"https:\/\/www.bbsa-potsdam.de\/wp-content\/uploads\/2019\/08\/FB-Katalog-Beispielsuche-1024x529.png 1024w, https:\/\/www.bbsa-potsdam.de\/wp-content\/uploads\/2019\/08\/FB-Katalog-Beispielsuche-300x155.png 300w, https:\/\/www.bbsa-potsdam.de\/wp-content\/uploads\/2019\/08\/FB-Katalog-Beispielsuche-768x396.png 768w, https:\/\/www.bbsa-potsdam.de\/wp-content\/uploads\/2019\/08\/FB-Katalog-Beispielsuche.png 1108w\" sizes=\"auto, (max-width: 1024px) 100vw, 1024px\" \/><\/figure>\n\n\n\n<p>Bitte beachten Sie, dass es f\u00fcr manche Orte zwei oder mehrere Frageb\u00f6gen mit der gleichen Nummer gibt, die als &#8222;_a&#8220;, &#8222;_b&#8220;, &#8222;_c&#8220; usw. gespeichert sind. Das bedeutet, dass wenn Sie die Anzahl aller Frageb\u00f6gen mit der Nummer 1 bekommen wollen, m\u00fcssen Sie neben der Suche nach &#8222;1&#8220; auch nach &#8222;1_a&#8220;, &#8222;1_b&#8220; bzw. auch nach &#8222;1_c&#8220; suchen und die Treffer dann summieren. Letztere sind unter der Tabelle zu finden. Diese Option steht nicht nur f\u00fcr Suchanfragen zur Verf\u00fcgung, sondern auch allgemein. So kann man sehen, dass wir momentan 1263 Datens\u00e4tze haben. Da die Tabelle nach den Ortsnamen aus den Frageb\u00f6gen geordnet ist, bezieht sich diese Zahl lediglich darauf und bedeutet, dass wir 1263 verschiedene Orte haben (ein Ort hat in der Regel mehrere Frageb\u00f6gen). Die Anzahl der geladenen Frageb\u00f6gen betr\u00e4gt momentan 3180 (nicht 1263).<\/p>\n\n\n\n<figure class=\"wp-block-image size-large\"><img decoding=\"async\" src=\"http:\/\/www.bbsa-potsdam.de\/wp-content\/uploads\/2019\/12\/BBSA-FB-1024x358.png\" alt=\"\" class=\"wp-image-7357\"\/><\/figure>\n\n\n<p style=\"text-align: left;\"><a href=\"http:\/\/www.bbsa-potsdam.de\/?page_id=1732\">Zur\u00fcck zu Hilfe<\/a><\/p>\n\n\n<p><\/p>\n","protected":false},"excerpt":{"rendered":"<p>Auf dieser Seite sind alle vorhandenen Frageb\u00f6gen (Nr. 1 bis Nr. 22) in digitaler Form dargestellt inklusive aktuellen kommunalen und postalischen Informationen. Per Klick auf das Kreuz gelangt man dazu sowie zu allen Frageb\u00f6gen im PDF-Format im Feld &#8222;Fragebogen ansehen:&#8220;. Dar\u00fcber hinaus kann man per Dropdown die Optionen im Suchfeld benutzen, um die verschiedenen Informationen &hellip; <a href=\"https:\/\/www.bbsa-potsdam.de\/?page_id=6836\" class=\"more-link\"><span class=\"screen-reader-text\">Fragebogenkatalog &#8211; Hilfe<\/span> weiterlesen<\/a><\/p>\n","protected":false},"author":1,"featured_media":0,"parent":0,"menu_order":0,"comment_status":"closed","ping_status":"closed","template":"","meta":{"footnotes":""},"class_list":["post-6836","page","type-page","status-publish","hentry"],"_links":{"self":[{"href":"https:\/\/www.bbsa-potsdam.de\/index.php?rest_route=\/wp\/v2\/pages\/6836","targetHints":{"allow":["GET"]}}],"collection":[{"href":"https:\/\/www.bbsa-potsdam.de\/index.php?rest_route=\/wp\/v2\/pages"}],"about":[{"href":"https:\/\/www.bbsa-potsdam.de\/index.php?rest_route=\/wp\/v2\/types\/page"}],"author":[{"embeddable":true,"href":"https:\/\/www.bbsa-potsdam.de\/index.php?rest_route=\/wp\/v2\/users\/1"}],"replies":[{"embeddable":true,"href":"https:\/\/www.bbsa-potsdam.de\/index.php?rest_route=%2Fwp%2Fv2%2Fcomments&post=6836"}],"version-history":[{"count":16,"href":"https:\/\/www.bbsa-potsdam.de\/index.php?rest_route=\/wp\/v2\/pages\/6836\/revisions"}],"predecessor-version":[{"id":7419,"href":"https:\/\/www.bbsa-potsdam.de\/index.php?rest_route=\/wp\/v2\/pages\/6836\/revisions\/7419"}],"wp:attachment":[{"href":"https:\/\/www.bbsa-potsdam.de\/index.php?rest_route=%2Fwp%2Fv2%2Fmedia&parent=6836"}],"curies":[{"name":"wp","href":"https:\/\/api.w.org\/{rel}","templated":true}]}}