{"id":20,"date":"2018-11-23T11:11:59","date_gmt":"2018-11-23T11:11:59","guid":{"rendered":"http:\/\/www.bbsa-potsdam.de\/?page_id=20"},"modified":"2021-10-22T15:21:13","modified_gmt":"2021-10-22T15:21:13","slug":"impressum","status":"publish","type":"page","link":"https:\/\/www.bbsa-potsdam.de\/?page_id=20","title":{"rendered":"Impressum"},"content":{"rendered":"\n<p class=\"has-text-align-left\">Impressum des Projektes &#8222;Brandenburg-Berlinisches Spracharchiv (BBSA)&#8220;<br><br>Angaben zu Verantwortlichen und rechtliche Hinweise.                                                <br><br><strong>Betreiber<\/strong><br>Brandenburg-Berlinisches Spracharchiv<br>Am Neuen Palais 10<br>14469 Potsdam<br><br><strong>Vertreten durch:<\/strong><br>Prof. Dr. Ulrike Demske<br><br><strong>Kontakt<\/strong><br>Telefon: 0331\/977-4210 oder -4265<br>Telefax: 0331\/977-4245<br>E-Mail: <a href=\"mailto:#\">bbsa@uni-potsdam.de<\/a><br><br><strong>Redaktion<\/strong><br>Dr. Elisabeth Berner<br>Universit\u00e4t Potsdam<br>Am Neuen Palais 10<br>14469 Potsdam<br><br><strong>Haftung f\u00fcr Inhalte<\/strong><br>Die Inhalte unserer Seite wurden mit gr\u00f6\u00dfter Sorgfalt erstellt. F\u00fcr die Richtigkeit,                            Vollst\u00e4ndigkeit und Aktualit\u00e4t der Inhalte k\u00f6nnen wir jedoch keine Gew\u00e4hr \u00fcbernehmen. Als Diensteanbieter sind wir gem\u00e4\u00df \u00a7\u00a07\u00a0Abs.\u00a01\u00a0TMG f\u00fcr eigene Inhalte auf diesen Seiten nach den allgemeinen Gesetzen verantwortlich. Nach \u00a7\u00a7\u00a08\u00a0bis\u00a010\u00a0TMG sind wir jedoch nicht verpflichtet, \u00fcbermittelte oder gespeicherte fremde Informationen zu \u00fcberwachen oder nach Umst\u00e4nden zu forschen, die auf eine rechtswidrige T\u00e4tigkeit hinweisen. Verpflichtungen zur Entfernung oder Sperrung der Nutzung von Informationen nach den allgemeinen Gesetzen bleiben                            hiervon unber\u00fchrt. Eine diesbez\u00fcgliche Haftung ist jedoch erst ab dem Zeitpunkt der Kenntnis einer konkreten Rechtsverletzung m\u00f6glich. Bei Bekanntwerden von entsprechenden  Rechtsverletzungen werden wir diese Inhalte umgehend entfernen.                        <br><br><strong>Haftung f\u00fcr Links<\/strong><br>Unser Angebot enth\u00e4lt Links zu externen Webseiten Dritter, auf deren Inhalte wir keinen Einfluss haben. Deshalb k\u00f6nnen wir f\u00fcr diese fremden Inhalte auch keine Gew\u00e4hr \u00fcbernehmen. F\u00fcr die Inhalte der verlinkten Seiten ist stets der jeweilige Anbieter oder Betreiber der Seiten verantwortlich. Die verlinkten Seiten wurden zum Zeitpunkt der Verlinkung auf m\u00f6gliche Rechtsverst\u00f6\u00dfe \u00fcberpr\u00fcft. Rechtswidrige Inhalte waren zum Zeitpunkt der Verlinkung nicht erkennbar. Eine permanente inhaltliche Kontrolle der verlinkten Seiten ist jedoch ohne konkrete Anhaltspunkte einer Rechtsverletzung nicht zumutbar. Bei Bekanntwerden von Rechtsverletzungen werden wir derartige Links umgehend entfernen. <br><br><strong>Urheberrecht<\/strong><br>Wir sind bem\u00fcht, stets die Urheberrechte anderer zu beachten bzw. auf selbst erstellte sowie lizenzfreie Werke zur\u00fcckzugreifen. Die durch uns erstellten Inhalte und Werke auf diesen Seiten unterliegen dem deutschen Urheberrecht. Beitr\u00e4ge Dritter sind als solche gekennzeichnet. Die Vervielf\u00e4ltigung, Bearbeitung, Verbreitung und jede Art der Verwertung au\u00dferhalb der Grenzen des Urheberrechtes bed\u00fcrfen der schriftlichen Zustimmung des jeweiligen Autors bzw. Erstellers. Downloads und Kopien dieser Seite sind nur f\u00fcr den privaten, wissenschaftlichen und nicht kommerziellen Gebrauch gestattet. Sollten Sie trotzdem auf eine Urheberrechtsverletzung aufmerksam werden, bitten wir um einen entsprechenden Hinweis. Bei Bekanntwerden von Rechtsverletzungen werden wir derartige Inhalte umgehend entfernen. <br><br><strong>Datenschutz<\/strong><br><\/p>\n","protected":false},"excerpt":{"rendered":"<p>Impressum des Projektes &#8222;Brandenburg-Berlinisches Spracharchiv (BBSA)&#8220; Angaben zu Verantwortlichen und rechtliche Hinweise. BetreiberBrandenburg-Berlinisches SpracharchivAm Neuen Palais 1014469 Potsdam Vertreten durch:Prof. Dr. Ulrike Demske KontaktTelefon: 0331\/977-4210 oder -4265Telefax: 0331\/977-4245E-Mail: bbsa@uni-potsdam.de RedaktionDr. Elisabeth BernerUniversit\u00e4t PotsdamAm Neuen Palais 1014469 Potsdam Haftung f\u00fcr InhalteDie Inhalte unserer Seite wurden mit gr\u00f6\u00dfter Sorgfalt erstellt. F\u00fcr die Richtigkeit, Vollst\u00e4ndigkeit und Aktualit\u00e4t der &hellip; <a href=\"https:\/\/www.bbsa-potsdam.de\/?page_id=20\" class=\"more-link\"><span class=\"screen-reader-text\">Impressum<\/span> weiterlesen<\/a><\/p>\n","protected":false},"author":1,"featured_media":0,"parent":0,"menu_order":0,"comment_status":"closed","ping_status":"closed","template":"","meta":{"footnotes":""},"class_list":["post-20","page","type-page","status-publish","hentry"],"_links":{"self":[{"href":"https:\/\/www.bbsa-potsdam.de\/index.php?rest_route=\/wp\/v2\/pages\/20","targetHints":{"allow":["GET"]}}],"collection":[{"href":"https:\/\/www.bbsa-potsdam.de\/index.php?rest_route=\/wp\/v2\/pages"}],"about":[{"href":"https:\/\/www.bbsa-potsdam.de\/index.php?rest_route=\/wp\/v2\/types\/page"}],"author":[{"embeddable":true,"href":"https:\/\/www.bbsa-potsdam.de\/index.php?rest_route=\/wp\/v2\/users\/1"}],"replies":[{"embeddable":true,"href":"https:\/\/www.bbsa-potsdam.de\/index.php?rest_route=%2Fwp%2Fv2%2Fcomments&post=20"}],"version-history":[{"count":7,"href":"https:\/\/www.bbsa-potsdam.de\/index.php?rest_route=\/wp\/v2\/pages\/20\/revisions"}],"predecessor-version":[{"id":7479,"href":"https:\/\/www.bbsa-potsdam.de\/index.php?rest_route=\/wp\/v2\/pages\/20\/revisions\/7479"}],"wp:attachment":[{"href":"https:\/\/www.bbsa-potsdam.de\/index.php?rest_route=%2Fwp%2Fv2%2Fmedia&parent=20"}],"curies":[{"name":"wp","href":"https:\/\/api.w.org\/{rel}","templated":true}]}}